{"id":2989,"date":"2017-02-16T13:50:15","date_gmt":"2017-02-16T13:50:15","guid":{"rendered":"https:\/\/antonellaframework.com\/?page_id=2989"},"modified":"2017-02-16T13:50:23","modified_gmt":"2017-02-16T13:50:23","slug":"faq","status":"publish","type":"page","link":"https:\/\/legacy.antonellaframework.com\/en\/faq\/","title":{"rendered":"Preguntas frecuentes"},"content":{"rendered":"<section class=\"l-section wpb_row height_medium\"><div class=\"l-section-h i-cf\"><div class=\"g-cols vc_row via_grid cols_1 laptops-cols_inherit tablets-cols_inherit mobiles-cols_1 valign_top type_default stacking_default\"><div class=\"wpb_column vc_column_container\"><div class=\"vc_column-inner\"><div class=\"w-tabs style_default switch_click accordion has_scrolling\" style=\"--sections-title-size:inherit\"><div class=\"w-tabs-sections titles-align_none icon_chevron cpos_right\"><div class=\"w-tabs-section\" id=\"w225\"><button class=\"w-tabs-section-header\" aria-controls=\"content-w225\" aria-expanded=\"false\"><div class=\"w-tabs-section-title\">\u00bfEs totalmente gratuita?<\/div><div class=\"w-tabs-section-control\"><\/div><\/button><div  class=\"w-tabs-section-content\" id=\"content-w225\"><div class=\"w-tabs-section-content-h i-cf\"><div class=\"wpb_text_column\"><div class=\"wpb_wrapper\"><p>Si, la herramienta es totalmente gratuita, aunque si quieres puedes ayudarnos donando una peque\u00f1a cantidad a trav\u00e9s de <a href=\"https:\/\/legacy.antonellaframework.com\/donacion\/\">nuestra p\u00e1gina<\/a>.<\/p>\n<\/div><\/div><\/div><\/div><\/div><div class=\"w-tabs-section\" id=\"k358\"><button class=\"w-tabs-section-header\" aria-controls=\"content-k358\" aria-expanded=\"false\"><div class=\"w-tabs-section-title\">\u00bfQu\u00e9 tipo de c\u00f3digo utiliza?<\/div><div class=\"w-tabs-section-control\"><\/div><\/button><div  class=\"w-tabs-section-content\" id=\"content-k358\"><div class=\"w-tabs-section-content-h i-cf\"><div class=\"wpb_text_column\"><div class=\"wpb_wrapper\"><\/div><\/div><\/div><\/div><\/div><div class=\"w-tabs-section\" id=\"g483\"><button class=\"w-tabs-section-header\" aria-controls=\"content-g483\" aria-expanded=\"false\"><div class=\"w-tabs-section-title\">\u00bfExiste soporte t\u00e9cnico?<\/div><div class=\"w-tabs-section-control\"><\/div><\/button><div  class=\"w-tabs-section-content\" id=\"content-g483\"><div class=\"w-tabs-section-content-h i-cf\"><div class=\"wpb_text_column\"><div class=\"wpb_wrapper\"><\/div><\/div><\/div><\/div><\/div><\/div><\/div><\/div><\/div><\/div><\/div><\/section>\n","protected":false},"excerpt":{"rendered":"\u00bfEs totalmente gratuita?Si, la herramienta es totalmente gratuita, aunque si quieres puedes ayudarnos donando una peque\u00f1a cantidad a trav\u00e9s de nuestra p\u00e1gina. \u00bfQu\u00e9 tipo de c\u00f3digo utiliza?\u00bfExiste soporte t\u00e9cnico?","protected":false},"author":1,"featured_media":0,"parent":0,"menu_order":0,"comment_status":"closed","ping_status":"closed","template":"","meta":{"_exactmetrics_skip_tracking":false,"_exactmetrics_sitenote_active":false,"_exactmetrics_sitenote_note":"","_exactmetrics_sitenote_category":0,"footnotes":""},"class_list":["post-2989","page","type-page","status-publish","hentry"],"yoast_head":"<!-- This site is optimized with the Yoast SEO plugin v27.4 - https:\/\/yoast.com\/product\/yoast-seo-wordpress\/ -->\n<title>Preguntas frecuentes - Antonella Framework<\/title>\n<meta name=\"robots\" content=\"index, follow, max-snippet:-1, max-image-preview:large, max-video-preview:-1\" \/>\n<link rel=\"canonical\" href=\"https:\/\/legacy.antonellaframework.com\/faq\/\" \/>\n<meta property=\"og:locale\" content=\"en_US\" \/>\n<meta property=\"og:type\" content=\"article\" \/>\n<meta property=\"og:title\" content=\"Preguntas frecuentes - Antonella Framework\" \/>\n<meta property=\"og:url\" content=\"https:\/\/legacy.antonellaframework.com\/faq\/\" \/>\n<meta property=\"og:site_name\" content=\"Antonella Framework\" \/>\n<meta property=\"article:modified_time\" content=\"2017-02-16T13:50:23+00:00\" \/>\n<meta name=\"twitter:card\" content=\"summary_large_image\" \/>\n<meta name=\"twitter:site\" content=\"@Antonella_FW\" \/>\n<meta name=\"twitter:label1\" content=\"Est. reading time\" \/>\n\t<meta name=\"twitter:data1\" content=\"1 minute\" \/>\n<script type=\"application\/ld+json\" class=\"yoast-schema-graph\">{\"@context\":\"https:\\\/\\\/schema.org\",\"@graph\":[{\"@type\":\"WebPage\",\"@id\":\"https:\\\/\\\/legacy.antonellaframework.com\\\/faq\\\/\",\"url\":\"https:\\\/\\\/legacy.antonellaframework.com\\\/faq\\\/\",\"name\":\"Preguntas frecuentes - Antonella Framework\",\"isPartOf\":{\"@id\":\"https:\\\/\\\/legacy.antonellaframework.com\\\/#website\"},\"datePublished\":\"2017-02-16T13:50:15+00:00\",\"dateModified\":\"2017-02-16T13:50:23+00:00\",\"breadcrumb\":{\"@id\":\"https:\\\/\\\/legacy.antonellaframework.com\\\/faq\\\/#breadcrumb\"},\"inLanguage\":\"en-US\",\"potentialAction\":[{\"@type\":\"ReadAction\",\"target\":[\"https:\\\/\\\/legacy.antonellaframework.com\\\/faq\\\/\"]}]},{\"@type\":\"BreadcrumbList\",\"@id\":\"https:\\\/\\\/legacy.antonellaframework.com\\\/faq\\\/#breadcrumb\",\"itemListElement\":[{\"@type\":\"ListItem\",\"position\":1,\"name\":\"Portada\",\"item\":\"https:\\\/\\\/legacy.antonellaframework.com\\\/\"},{\"@type\":\"ListItem\",\"position\":2,\"name\":\"Preguntas frecuentes\"}]},{\"@type\":\"WebSite\",\"@id\":\"https:\\\/\\\/legacy.antonellaframework.com\\\/#website\",\"url\":\"https:\\\/\\\/legacy.antonellaframework.com\\\/\",\"name\":\"Antonella Framework\",\"description\":\"El mejor framework para el desarrollo de plugins en WordPress\",\"publisher\":{\"@id\":\"https:\\\/\\\/legacy.antonellaframework.com\\\/#\\\/schema\\\/person\\\/59c038779fe663c173c1ec78e2ae8901\"},\"potentialAction\":[{\"@type\":\"SearchAction\",\"target\":{\"@type\":\"EntryPoint\",\"urlTemplate\":\"https:\\\/\\\/legacy.antonellaframework.com\\\/?s={search_term_string}\"},\"query-input\":{\"@type\":\"PropertyValueSpecification\",\"valueRequired\":true,\"valueName\":\"search_term_string\"}}],\"inLanguage\":\"en-US\"},{\"@type\":[\"Person\",\"Organization\"],\"@id\":\"https:\\\/\\\/legacy.antonellaframework.com\\\/#\\\/schema\\\/person\\\/59c038779fe663c173c1ec78e2ae8901\",\"name\":\"Carlos Herrera\",\"image\":{\"@type\":\"ImageObject\",\"inLanguage\":\"en-US\",\"@id\":\"https:\\\/\\\/secure.gravatar.com\\\/avatar\\\/8a724c66fdb042b1403f35d88aa426f4a6619f697e64cb8662b898e6e437c6da?s=96&d=mm&r=g\",\"url\":\"https:\\\/\\\/secure.gravatar.com\\\/avatar\\\/8a724c66fdb042b1403f35d88aa426f4a6619f697e64cb8662b898e6e437c6da?s=96&d=mm&r=g\",\"contentUrl\":\"https:\\\/\\\/secure.gravatar.com\\\/avatar\\\/8a724c66fdb042b1403f35d88aa426f4a6619f697e64cb8662b898e6e437c6da?s=96&d=mm&r=g\",\"caption\":\"Carlos Herrera\"},\"logo\":{\"@id\":\"https:\\\/\\\/secure.gravatar.com\\\/avatar\\\/8a724c66fdb042b1403f35d88aa426f4a6619f697e64cb8662b898e6e437c6da?s=96&d=mm&r=g\"}}]}<\/script>\n<!-- \/ Yoast SEO plugin. -->","yoast_head_json":{"title":"Preguntas frecuentes - Antonella Framework","robots":{"index":"index","follow":"follow","max-snippet":"max-snippet:-1","max-image-preview":"max-image-preview:large","max-video-preview":"max-video-preview:-1"},"canonical":"https:\/\/legacy.antonellaframework.com\/faq\/","og_locale":"en_US","og_type":"article","og_title":"Preguntas frecuentes - Antonella Framework","og_url":"https:\/\/legacy.antonellaframework.com\/faq\/","og_site_name":"Antonella Framework","article_modified_time":"2017-02-16T13:50:23+00:00","twitter_card":"summary_large_image","twitter_site":"@Antonella_FW","twitter_misc":{"Est. reading time":"1 minute"},"schema":{"@context":"https:\/\/schema.org","@graph":[{"@type":"WebPage","@id":"https:\/\/legacy.antonellaframework.com\/faq\/","url":"https:\/\/legacy.antonellaframework.com\/faq\/","name":"Preguntas frecuentes - Antonella Framework","isPartOf":{"@id":"https:\/\/legacy.antonellaframework.com\/#website"},"datePublished":"2017-02-16T13:50:15+00:00","dateModified":"2017-02-16T13:50:23+00:00","breadcrumb":{"@id":"https:\/\/legacy.antonellaframework.com\/faq\/#breadcrumb"},"inLanguage":"en-US","potentialAction":[{"@type":"ReadAction","target":["https:\/\/legacy.antonellaframework.com\/faq\/"]}]},{"@type":"BreadcrumbList","@id":"https:\/\/legacy.antonellaframework.com\/faq\/#breadcrumb","itemListElement":[{"@type":"ListItem","position":1,"name":"Portada","item":"https:\/\/legacy.antonellaframework.com\/"},{"@type":"ListItem","position":2,"name":"Preguntas frecuentes"}]},{"@type":"WebSite","@id":"https:\/\/legacy.antonellaframework.com\/#website","url":"https:\/\/legacy.antonellaframework.com\/","name":"Antonella Framework","description":"El mejor framework para el desarrollo de plugins en WordPress","publisher":{"@id":"https:\/\/legacy.antonellaframework.com\/#\/schema\/person\/59c038779fe663c173c1ec78e2ae8901"},"potentialAction":[{"@type":"SearchAction","target":{"@type":"EntryPoint","urlTemplate":"https:\/\/legacy.antonellaframework.com\/?s={search_term_string}"},"query-input":{"@type":"PropertyValueSpecification","valueRequired":true,"valueName":"search_term_string"}}],"inLanguage":"en-US"},{"@type":["Person","Organization"],"@id":"https:\/\/legacy.antonellaframework.com\/#\/schema\/person\/59c038779fe663c173c1ec78e2ae8901","name":"Carlos Herrera","image":{"@type":"ImageObject","inLanguage":"en-US","@id":"https:\/\/secure.gravatar.com\/avatar\/8a724c66fdb042b1403f35d88aa426f4a6619f697e64cb8662b898e6e437c6da?s=96&d=mm&r=g","url":"https:\/\/secure.gravatar.com\/avatar\/8a724c66fdb042b1403f35d88aa426f4a6619f697e64cb8662b898e6e437c6da?s=96&d=mm&r=g","contentUrl":"https:\/\/secure.gravatar.com\/avatar\/8a724c66fdb042b1403f35d88aa426f4a6619f697e64cb8662b898e6e437c6da?s=96&d=mm&r=g","caption":"Carlos Herrera"},"logo":{"@id":"https:\/\/secure.gravatar.com\/avatar\/8a724c66fdb042b1403f35d88aa426f4a6619f697e64cb8662b898e6e437c6da?s=96&d=mm&r=g"}}]}},"_links":{"self":[{"href":"https:\/\/legacy.antonellaframework.com\/en\/wp-json\/wp\/v2\/pages\/2989","targetHints":{"allow":["GET"]}}],"collection":[{"href":"https:\/\/legacy.antonellaframework.com\/en\/wp-json\/wp\/v2\/pages"}],"about":[{"href":"https:\/\/legacy.antonellaframework.com\/en\/wp-json\/wp\/v2\/types\/page"}],"author":[{"embeddable":true,"href":"https:\/\/legacy.antonellaframework.com\/en\/wp-json\/wp\/v2\/users\/1"}],"replies":[{"embeddable":true,"href":"https:\/\/legacy.antonellaframework.com\/en\/wp-json\/wp\/v2\/comments?post=2989"}],"version-history":[{"count":1,"href":"https:\/\/legacy.antonellaframework.com\/en\/wp-json\/wp\/v2\/pages\/2989\/revisions"}],"predecessor-version":[{"id":2990,"href":"https:\/\/legacy.antonellaframework.com\/en\/wp-json\/wp\/v2\/pages\/2989\/revisions\/2990"}],"wp:attachment":[{"href":"https:\/\/legacy.antonellaframework.com\/en\/wp-json\/wp\/v2\/media?parent=2989"}],"curies":[{"name":"wp","href":"https:\/\/api.w.org\/{rel}","templated":true}]}}