{"id":2,"date":"2017-01-20T10:37:49","date_gmt":"2017-01-20T10:37:49","guid":{"rendered":"https:\/\/antonellaframework.com\/?page_id=2"},"modified":"2017-01-20T10:37:49","modified_gmt":"2017-01-20T10:37:49","slug":"pagina-ejemplo","status":"publish","type":"page","link":"https:\/\/legacy.antonellaframework.com\/en\/pagina-ejemplo\/","title":{"rendered":"P\u00e1gina de ejemplo"},"content":{"rendered":"<p>Esto es una p\u00e1gina de ejemplo. Es diferente a una entrada porque permanece fija en un lugar y se mostrar\u00e1 en la navegaci\u00f3n de tu sitio (en la mayor\u00eda de los temas). La mayor\u00eda de la gente empieza con una p\u00e1gina de Acerca de, que les presenta a los potenciales visitantes del sitio. Podr\u00eda ser algo como esto:<\/p>\n<blockquote><p>\u00a1Hola! Soy mensajero por el d\u00eda, aspirante a actor por la noche, y este es mi blog. Vivo en Madrid, tengo un perrazo llamado Duque y me gustan las pi\u00f1as coladas (y que me pille un chaparr\u00f3n)<\/p><\/blockquote>\n<p>&#8230;o algo as\u00ed:<\/p>\n<blockquote><p>La empresa XYZ se fund\u00f3 en 1971 y ha estado ofreciendo &#8220;cosas&#8221; de calidad al p\u00fablico desde entonces. Situada en Madrid, XYZ emplea a m\u00e1s de 2.000 personas y hace todo tipo de cosas sorprendentes para la comunidad de Madrid.<\/p><\/blockquote>\n<p>Si eres nuevo en WordPress deber\u00edas ir a <a href=\"https:\/\/legacy.antonellaframework.com\/wp-admin\/\">tu escritorio<\/a> para borrar esta p\u00e1gina y crear p\u00e1ginas nuevas con tu propio contenido. \u00a1P\u00e1salo bien!<\/p>\n","protected":false},"excerpt":{"rendered":"<p>Esto es una p\u00e1gina de ejemplo. Es diferente a una entrada porque permanece fija en un lugar y se mostrar\u00e1 en la navegaci\u00f3n de tu sitio (en la mayor\u00eda de los temas). La mayor\u00eda de la gente empieza con una p\u00e1gina de Acerca de, que les presenta a los potenciales visitantes del sitio. Podr\u00eda ser&#8230;<\/p>\n","protected":false},"author":1,"featured_media":0,"parent":0,"menu_order":0,"comment_status":"closed","ping_status":"closed","template":"","meta":{"_exactmetrics_skip_tracking":false,"_exactmetrics_sitenote_active":false,"_exactmetrics_sitenote_note":"","_exactmetrics_sitenote_category":0,"footnotes":""},"class_list":["post-2","page","type-page","status-publish","hentry"],"yoast_head":"<!-- This site is optimized with the Yoast SEO plugin v27.4 - https:\/\/yoast.com\/product\/yoast-seo-wordpress\/ -->\n<title>P\u00e1gina de ejemplo - Antonella Framework<\/title>\n<meta name=\"robots\" content=\"index, follow, max-snippet:-1, max-image-preview:large, max-video-preview:-1\" \/>\n<link rel=\"canonical\" href=\"https:\/\/legacy.antonellaframework.com\/pagina-ejemplo\/\" \/>\n<meta property=\"og:locale\" content=\"en_US\" \/>\n<meta property=\"og:type\" content=\"article\" \/>\n<meta property=\"og:title\" content=\"P\u00e1gina de ejemplo - Antonella Framework\" \/>\n<meta property=\"og:description\" content=\"Esto es una p\u00e1gina de ejemplo. Es diferente a una entrada porque permanece fija en un lugar y se mostrar\u00e1 en la navegaci\u00f3n de tu sitio (en la mayor\u00eda de los temas). La mayor\u00eda de la gente empieza con una p\u00e1gina de Acerca de, que les presenta a los potenciales visitantes del sitio. Podr\u00eda ser...\" \/>\n<meta property=\"og:url\" content=\"https:\/\/legacy.antonellaframework.com\/pagina-ejemplo\/\" \/>\n<meta property=\"og:site_name\" content=\"Antonella Framework\" \/>\n<meta name=\"twitter:card\" content=\"summary_large_image\" \/>\n<meta name=\"twitter:site\" content=\"@Antonella_FW\" \/>\n<meta name=\"twitter:label1\" content=\"Est. reading time\" \/>\n\t<meta name=\"twitter:data1\" content=\"1 minute\" \/>\n<script type=\"application\/ld+json\" class=\"yoast-schema-graph\">{\"@context\":\"https:\\\/\\\/schema.org\",\"@graph\":[{\"@type\":\"WebPage\",\"@id\":\"https:\\\/\\\/legacy.antonellaframework.com\\\/pagina-ejemplo\\\/\",\"url\":\"https:\\\/\\\/legacy.antonellaframework.com\\\/pagina-ejemplo\\\/\",\"name\":\"P\u00e1gina de ejemplo - Antonella Framework\",\"isPartOf\":{\"@id\":\"https:\\\/\\\/legacy.antonellaframework.com\\\/#website\"},\"datePublished\":\"2017-01-20T10:37:49+00:00\",\"breadcrumb\":{\"@id\":\"https:\\\/\\\/legacy.antonellaframework.com\\\/pagina-ejemplo\\\/#breadcrumb\"},\"inLanguage\":\"en-US\",\"potentialAction\":[{\"@type\":\"ReadAction\",\"target\":[\"https:\\\/\\\/legacy.antonellaframework.com\\\/pagina-ejemplo\\\/\"]}]},{\"@type\":\"BreadcrumbList\",\"@id\":\"https:\\\/\\\/legacy.antonellaframework.com\\\/pagina-ejemplo\\\/#breadcrumb\",\"itemListElement\":[{\"@type\":\"ListItem\",\"position\":1,\"name\":\"Portada\",\"item\":\"https:\\\/\\\/legacy.antonellaframework.com\\\/\"},{\"@type\":\"ListItem\",\"position\":2,\"name\":\"P\u00e1gina de ejemplo\"}]},{\"@type\":\"WebSite\",\"@id\":\"https:\\\/\\\/legacy.antonellaframework.com\\\/#website\",\"url\":\"https:\\\/\\\/legacy.antonellaframework.com\\\/\",\"name\":\"Antonella Framework\",\"description\":\"El mejor framework para el desarrollo de plugins en WordPress\",\"publisher\":{\"@id\":\"https:\\\/\\\/legacy.antonellaframework.com\\\/#\\\/schema\\\/person\\\/59c038779fe663c173c1ec78e2ae8901\"},\"potentialAction\":[{\"@type\":\"SearchAction\",\"target\":{\"@type\":\"EntryPoint\",\"urlTemplate\":\"https:\\\/\\\/legacy.antonellaframework.com\\\/?s={search_term_string}\"},\"query-input\":{\"@type\":\"PropertyValueSpecification\",\"valueRequired\":true,\"valueName\":\"search_term_string\"}}],\"inLanguage\":\"en-US\"},{\"@type\":[\"Person\",\"Organization\"],\"@id\":\"https:\\\/\\\/legacy.antonellaframework.com\\\/#\\\/schema\\\/person\\\/59c038779fe663c173c1ec78e2ae8901\",\"name\":\"Carlos Herrera\",\"image\":{\"@type\":\"ImageObject\",\"inLanguage\":\"en-US\",\"@id\":\"https:\\\/\\\/secure.gravatar.com\\\/avatar\\\/8a724c66fdb042b1403f35d88aa426f4a6619f697e64cb8662b898e6e437c6da?s=96&d=mm&r=g\",\"url\":\"https:\\\/\\\/secure.gravatar.com\\\/avatar\\\/8a724c66fdb042b1403f35d88aa426f4a6619f697e64cb8662b898e6e437c6da?s=96&d=mm&r=g\",\"contentUrl\":\"https:\\\/\\\/secure.gravatar.com\\\/avatar\\\/8a724c66fdb042b1403f35d88aa426f4a6619f697e64cb8662b898e6e437c6da?s=96&d=mm&r=g\",\"caption\":\"Carlos Herrera\"},\"logo\":{\"@id\":\"https:\\\/\\\/secure.gravatar.com\\\/avatar\\\/8a724c66fdb042b1403f35d88aa426f4a6619f697e64cb8662b898e6e437c6da?s=96&d=mm&r=g\"}}]}<\/script>\n<!-- \/ Yoast SEO plugin. -->","yoast_head_json":{"title":"P\u00e1gina de ejemplo - Antonella Framework","robots":{"index":"index","follow":"follow","max-snippet":"max-snippet:-1","max-image-preview":"max-image-preview:large","max-video-preview":"max-video-preview:-1"},"canonical":"https:\/\/legacy.antonellaframework.com\/pagina-ejemplo\/","og_locale":"en_US","og_type":"article","og_title":"P\u00e1gina de ejemplo - Antonella Framework","og_description":"Esto es una p\u00e1gina de ejemplo. Es diferente a una entrada porque permanece fija en un lugar y se mostrar\u00e1 en la navegaci\u00f3n de tu sitio (en la mayor\u00eda de los temas). La mayor\u00eda de la gente empieza con una p\u00e1gina de Acerca de, que les presenta a los potenciales visitantes del sitio. Podr\u00eda ser...","og_url":"https:\/\/legacy.antonellaframework.com\/pagina-ejemplo\/","og_site_name":"Antonella Framework","twitter_card":"summary_large_image","twitter_site":"@Antonella_FW","twitter_misc":{"Est. reading time":"1 minute"},"schema":{"@context":"https:\/\/schema.org","@graph":[{"@type":"WebPage","@id":"https:\/\/legacy.antonellaframework.com\/pagina-ejemplo\/","url":"https:\/\/legacy.antonellaframework.com\/pagina-ejemplo\/","name":"P\u00e1gina de ejemplo - Antonella Framework","isPartOf":{"@id":"https:\/\/legacy.antonellaframework.com\/#website"},"datePublished":"2017-01-20T10:37:49+00:00","breadcrumb":{"@id":"https:\/\/legacy.antonellaframework.com\/pagina-ejemplo\/#breadcrumb"},"inLanguage":"en-US","potentialAction":[{"@type":"ReadAction","target":["https:\/\/legacy.antonellaframework.com\/pagina-ejemplo\/"]}]},{"@type":"BreadcrumbList","@id":"https:\/\/legacy.antonellaframework.com\/pagina-ejemplo\/#breadcrumb","itemListElement":[{"@type":"ListItem","position":1,"name":"Portada","item":"https:\/\/legacy.antonellaframework.com\/"},{"@type":"ListItem","position":2,"name":"P\u00e1gina de ejemplo"}]},{"@type":"WebSite","@id":"https:\/\/legacy.antonellaframework.com\/#website","url":"https:\/\/legacy.antonellaframework.com\/","name":"Antonella Framework","description":"El mejor framework para el desarrollo de plugins en WordPress","publisher":{"@id":"https:\/\/legacy.antonellaframework.com\/#\/schema\/person\/59c038779fe663c173c1ec78e2ae8901"},"potentialAction":[{"@type":"SearchAction","target":{"@type":"EntryPoint","urlTemplate":"https:\/\/legacy.antonellaframework.com\/?s={search_term_string}"},"query-input":{"@type":"PropertyValueSpecification","valueRequired":true,"valueName":"search_term_string"}}],"inLanguage":"en-US"},{"@type":["Person","Organization"],"@id":"https:\/\/legacy.antonellaframework.com\/#\/schema\/person\/59c038779fe663c173c1ec78e2ae8901","name":"Carlos Herrera","image":{"@type":"ImageObject","inLanguage":"en-US","@id":"https:\/\/secure.gravatar.com\/avatar\/8a724c66fdb042b1403f35d88aa426f4a6619f697e64cb8662b898e6e437c6da?s=96&d=mm&r=g","url":"https:\/\/secure.gravatar.com\/avatar\/8a724c66fdb042b1403f35d88aa426f4a6619f697e64cb8662b898e6e437c6da?s=96&d=mm&r=g","contentUrl":"https:\/\/secure.gravatar.com\/avatar\/8a724c66fdb042b1403f35d88aa426f4a6619f697e64cb8662b898e6e437c6da?s=96&d=mm&r=g","caption":"Carlos Herrera"},"logo":{"@id":"https:\/\/secure.gravatar.com\/avatar\/8a724c66fdb042b1403f35d88aa426f4a6619f697e64cb8662b898e6e437c6da?s=96&d=mm&r=g"}}]}},"_links":{"self":[{"href":"https:\/\/legacy.antonellaframework.com\/en\/wp-json\/wp\/v2\/pages\/2","targetHints":{"allow":["GET"]}}],"collection":[{"href":"https:\/\/legacy.antonellaframework.com\/en\/wp-json\/wp\/v2\/pages"}],"about":[{"href":"https:\/\/legacy.antonellaframework.com\/en\/wp-json\/wp\/v2\/types\/page"}],"author":[{"embeddable":true,"href":"https:\/\/legacy.antonellaframework.com\/en\/wp-json\/wp\/v2\/users\/1"}],"replies":[{"embeddable":true,"href":"https:\/\/legacy.antonellaframework.com\/en\/wp-json\/wp\/v2\/comments?post=2"}],"version-history":[{"count":0,"href":"https:\/\/legacy.antonellaframework.com\/en\/wp-json\/wp\/v2\/pages\/2\/revisions"}],"wp:attachment":[{"href":"https:\/\/legacy.antonellaframework.com\/en\/wp-json\/wp\/v2\/media?parent=2"}],"curies":[{"name":"wp","href":"https:\/\/api.w.org\/{rel}","templated":true}]}}